{"id":102,"date":"2019-01-02T15:41:44","date_gmt":"2019-01-02T14:41:44","guid":{"rendered":"http:\/\/192.168.181.130\/?page_id=102"},"modified":"2025-01-08T16:36:26","modified_gmt":"2025-01-08T15:36:26","slug":"kontakt","status":"publish","type":"page","link":"https:\/\/ttf-bad-woerishofen.de\/?page_id=102","title":{"rendered":"Kontakt"},"content":{"rendered":"\n<div class=\"wp-block-columns is-layout-flex wp-container-core-columns-is-layout-9d6595d7 wp-block-columns-is-layout-flex\">\n<div class=\"wp-block-column is-layout-flow wp-block-column-is-layout-flow\">\n<h2 class=\"wp-block-heading has-text-align-center\">1. Vorsitzender<\/h2>\n\n\n\n<p class=\"has-text-align-center\">Lukas Wolf<br>Promenadestra\u00dfe 6<br>86825 Bad W\u00f6rishofen<br>Telefon: 08247\/4936<br>Mobil: 0151\/15703791<br>Email: <a href=\"mailto:lwolf.ttfbw@posteo.de\">lwolf.ttfbw@posteo.de<\/a><\/p>\n<\/div>\n\n\n\n<div class=\"wp-block-column is-layout-flow wp-block-column-is-layout-flow\">\n<h2 class=\"wp-block-heading has-text-align-center\">2. Vorsitzender<\/h2>\n\n\n\n<p class=\"has-text-align-center\">Thomas V\u00f6gele<br>Hauptstra\u00dfe 32 a<br>86825 Bad W\u00f6rishofen<br>Telefon: 08247\/308555<br>Mobil: 0162\/3229941<br>Email: <a href=\"mailto:thomas.voegele64@gmail.com\">thomas.voegele64@gmail.com<\/a><\/p>\n<\/div>\n<\/div>\n\n\n\n<div class=\"wp-block-columns is-layout-flex wp-container-core-columns-is-layout-9d6595d7 wp-block-columns-is-layout-flex\">\n<div class=\"wp-block-column is-layout-flow wp-block-column-is-layout-flow\">\n<h2 class=\"wp-block-heading has-text-align-center\">Jugendwart<\/h2>\n\n\n\n<p class=\"has-text-align-center\">Manuel M\u00fcller<br>Mobil: 015771837979<br>Email: <a href=\"mailto:murmelmanu@gmx.net\">murmelmanu@gmx.net<\/a><\/p>\n\n\n\n<div style=\"height:50px\" aria-hidden=\"true\" class=\"wp-block-spacer\"><\/div>\n<\/div>\n<\/div>\n\n\n\n<p><strong>Bankverbindung<\/strong><br>Kto.Nr.: 1010387<br>Blz.: 73160000<br>IBAN: DE75 7316 0000 0001 0103 87<br>BIC: GENODEF1MIR<br>Genobank Unterallg\u00e4u<\/p>\n\n\n\n<div class=\"wp-block-group\"><div class=\"wp-block-group__inner-container is-layout-flow wp-block-group-is-layout-flow\">\n<p>Weitere Informationen zu unserem Verein finden sie <a href=\"https:\/\/www.mytischtennis.de\/clicktt\/ByTTV\/24-25\/verein\/310006\/TTF-Bad-Woerishofen-1955-e-V-\/funktionaere\/\" target=\"_blank\" rel=\"noreferrer noopener\">hier<\/a><\/p>\n\n\n\n<p>Hinweis: Die auf der Website des Vereins eingestellten E-Mail-Adressen dienen den Vereinsmitgliedern und Personen, die an der Vereinst\u00e4tigkeit interessiert sind, als Kontaktm\u00f6glichkeit. Wir bitten deswegen, Anfragen bzw. Angebote kommerziellen Inhaltes auf dem Postweg an uns zu richten (vgl. Urteil des BGH vom 17.07.2008, I ZR 197\/05).\u201c<\/p>\n<\/div><\/div>\n\n\n\n<p><\/p>\n","protected":false},"excerpt":{"rendered":"<p>1. Vorsitzender Lukas WolfPromenadestra\u00dfe 686825 Bad W\u00f6rishofenTelefon: 08247\/4936Mobil: 0151\/15703791Email: lwolf.ttfbw@posteo.de 2. Vorsitzender Thomas V\u00f6geleHauptstra\u00dfe 32 a86825 Bad W\u00f6rishofenTelefon: 08247\/308555Mobil: 0162\/3229941Email: thomas.voegele64@gmail.com Jugendwart Manuel M\u00fcllerMobil: 015771837979Email: murmelmanu@gmx.net BankverbindungKto.Nr.: 1010387Blz.: 73160000IBAN: DE75 [&hellip;]<\/p>\n","protected":false},"author":2,"featured_media":0,"parent":0,"menu_order":0,"comment_status":"closed","ping_status":"closed","template":"","meta":{"ocean_post_layout":"","ocean_both_sidebars_style":"","ocean_both_sidebars_content_width":0,"ocean_both_sidebars_sidebars_width":0,"ocean_sidebar":"0","ocean_second_sidebar":"0","ocean_disable_margins":"enable","ocean_add_body_class":"","ocean_shortcode_before_top_bar":"","ocean_shortcode_after_top_bar":"","ocean_shortcode_before_header":"","ocean_shortcode_after_header":"","ocean_has_shortcode":"","ocean_shortcode_after_title":"","ocean_shortcode_before_footer_widgets":"","ocean_shortcode_after_footer_widgets":"","ocean_shortcode_before_footer_bottom":"","ocean_shortcode_after_footer_bottom":"","ocean_display_top_bar":"default","ocean_display_header":"default","ocean_header_style":"","ocean_center_header_left_menu":"0","ocean_custom_header_template":"0","ocean_custom_logo":0,"ocean_custom_retina_logo":0,"ocean_custom_logo_max_width":0,"ocean_custom_logo_tablet_max_width":0,"ocean_custom_logo_mobile_max_width":0,"ocean_custom_logo_max_height":0,"ocean_custom_logo_tablet_max_height":0,"ocean_custom_logo_mobile_max_height":0,"ocean_header_custom_menu":"0","ocean_menu_typo_font_family":"0","ocean_menu_typo_font_subset":"","ocean_menu_typo_font_size":0,"ocean_menu_typo_font_size_tablet":0,"ocean_menu_typo_font_size_mobile":0,"ocean_menu_typo_font_size_unit":"px","ocean_menu_typo_font_weight":"","ocean_menu_typo_font_weight_tablet":"","ocean_menu_typo_font_weight_mobile":"","ocean_menu_typo_transform":"","ocean_menu_typo_transform_tablet":"","ocean_menu_typo_transform_mobile":"","ocean_menu_typo_line_height":0,"ocean_menu_typo_line_height_tablet":0,"ocean_menu_typo_line_height_mobile":0,"ocean_menu_typo_line_height_unit":"","ocean_menu_typo_spacing":0,"ocean_menu_typo_spacing_tablet":0,"ocean_menu_typo_spacing_mobile":0,"ocean_menu_typo_spacing_unit":"","ocean_menu_link_color":"","ocean_menu_link_color_hover":"","ocean_menu_link_color_active":"","ocean_menu_link_background":"","ocean_menu_link_hover_background":"","ocean_menu_link_active_background":"","ocean_menu_social_links_bg":"","ocean_menu_social_hover_links_bg":"","ocean_menu_social_links_color":"","ocean_menu_social_hover_links_color":"","ocean_disable_title":"default","ocean_disable_heading":"default","ocean_post_title":"","ocean_post_subheading":"","ocean_post_title_style":"","ocean_post_title_background_color":"","ocean_post_title_background":0,"ocean_post_title_bg_image_position":"","ocean_post_title_bg_image_attachment":"","ocean_post_title_bg_image_repeat":"","ocean_post_title_bg_image_size":"","ocean_post_title_height":0,"ocean_post_title_bg_overlay":0.5,"ocean_post_title_bg_overlay_color":"","ocean_disable_breadcrumbs":"default","ocean_breadcrumbs_color":"","ocean_breadcrumbs_separator_color":"","ocean_breadcrumbs_links_color":"","ocean_breadcrumbs_links_hover_color":"","ocean_display_footer_widgets":"default","ocean_display_footer_bottom":"default","ocean_custom_footer_template":"0","footnotes":""},"class_list":["post-102","page","type-page","status-publish","hentry","entry"],"_links":{"self":[{"href":"https:\/\/ttf-bad-woerishofen.de\/index.php?rest_route=\/wp\/v2\/pages\/102","targetHints":{"allow":["GET"]}}],"collection":[{"href":"https:\/\/ttf-bad-woerishofen.de\/index.php?rest_route=\/wp\/v2\/pages"}],"about":[{"href":"https:\/\/ttf-bad-woerishofen.de\/index.php?rest_route=\/wp\/v2\/types\/page"}],"author":[{"embeddable":true,"href":"https:\/\/ttf-bad-woerishofen.de\/index.php?rest_route=\/wp\/v2\/users\/2"}],"replies":[{"embeddable":true,"href":"https:\/\/ttf-bad-woerishofen.de\/index.php?rest_route=%2Fwp%2Fv2%2Fcomments&post=102"}],"version-history":[{"count":24,"href":"https:\/\/ttf-bad-woerishofen.de\/index.php?rest_route=\/wp\/v2\/pages\/102\/revisions"}],"predecessor-version":[{"id":2488,"href":"https:\/\/ttf-bad-woerishofen.de\/index.php?rest_route=\/wp\/v2\/pages\/102\/revisions\/2488"}],"wp:attachment":[{"href":"https:\/\/ttf-bad-woerishofen.de\/index.php?rest_route=%2Fwp%2Fv2%2Fmedia&parent=102"}],"curies":[{"name":"wp","href":"https:\/\/api.w.org\/{rel}","templated":true}]}}